{"id":1458,"date":"2025-09-15T14:38:11","date_gmt":"2025-09-15T14:38:11","guid":{"rendered":"https:\/\/capapizzeria.hu\/home-3\/"},"modified":"2026-02-15T15:49:47","modified_gmt":"2026-02-15T15:49:47","slug":"home","status":"publish","type":"page","link":"https:\/\/capapizzeria.hu\/en\/","title":{"rendered":"Main page"},"content":{"rendered":"<div data-elementor-type=\"wp-page\" data-elementor-id=\"1458\" class=\"elementor elementor-1458\">\n\t\t\t\t<div class=\"elementor-element elementor-element-95f4b92 e-con-full e-flex e-con e-parent\" data-id=\"95f4b92\" data-element_type=\"container\" data-settings=\"{&quot;background_background&quot;:&quot;classic&quot;}\">\n\t\t\t\t<div class=\"elementor-element elementor-element-daeaa6e elementor-widget__width-initial elementor-widget-mobile__width-auto elementor-widget elementor-widget-heading\" data-id=\"daeaa6e\" data-element_type=\"widget\" data-widget_type=\"heading.default\">\n\t\t\t\t<div class=\"elementor-widget-container\">\n\t\t\t\t\t<h1 class=\"elementor-heading-title elementor-size-default\">Wood-Fired, Roman-Style Pizzas<\/h1>\t\t\t\t<\/div>\n\t\t\t\t<\/div>\n\t\t\t\t<div class=\"elementor-element elementor-element-f9e77c3 elementor-widget__width-inherit elementor-widget elementor-widget-text-editor\" data-id=\"f9e77c3\" data-element_type=\"widget\" data-widget_type=\"text-editor.default\">\n\t\t\t\t<div class=\"elementor-widget-container\">\n\t\t\t\t\t\t\t\t\t<p style=\"text-align: center;\" data-start=\"1012\" data-end=\"1048\"><strong>\u00a0A favorite meeting place in Kistarcsa for over 25 years.<\/strong><\/p>\t\t\t\t\t\t\t\t<\/div>\n\t\t\t\t<\/div>\n\t\t\t\t<\/div>\n\t\t<div class=\"elementor-element elementor-element-eed5274 e-con-full e-flex e-con e-parent\" data-id=\"eed5274\" data-element_type=\"container\" data-settings=\"{&quot;background_background&quot;:&quot;classic&quot;}\">\n\t\t<div class=\"elementor-element elementor-element-ebeb044 e-flex e-con-boxed e-con e-child\" data-id=\"ebeb044\" data-element_type=\"container\">\n\t\t\t\t\t<div class=\"e-con-inner\">\n\t\t\t\t<div class=\"elementor-element elementor-element-73f276f elementor-widget-mobile__width-inherit e-transform elementor-widget elementor-widget-image\" data-id=\"73f276f\" data-element_type=\"widget\" data-settings=\"{&quot;_transform_scale_effect&quot;:{&quot;unit&quot;:&quot;px&quot;,&quot;size&quot;:0.8000000000000000444089209850062616169452667236328125,&quot;sizes&quot;:[]},&quot;_transform_scale_effect_tablet&quot;:{&quot;unit&quot;:&quot;px&quot;,&quot;size&quot;:1,&quot;sizes&quot;:[]},&quot;_transform_scale_effect_mobile&quot;:{&quot;unit&quot;:&quot;px&quot;,&quot;size&quot;:&quot;&quot;,&quot;sizes&quot;:[]}}\" data-widget_type=\"image.default\">\n\t\t\t\t<div class=\"elementor-widget-container\">\n\t\t\t\t\t\t\t\t\t\t\t\t\t\t\t<img fetchpriority=\"high\" decoding=\"async\" width=\"749\" height=\"749\" src=\"https:\/\/capapizzeria.hu\/wp-content\/uploads\/2025\/11\/vegaburger.jpg\" class=\"attachment-large size-large wp-image-1554\" alt=\"\" srcset=\"https:\/\/capapizzeria.hu\/wp-content\/uploads\/2025\/11\/vegaburger.jpg 749w, https:\/\/capapizzeria.hu\/wp-content\/uploads\/2025\/11\/vegaburger-300x300.jpg 300w, https:\/\/capapizzeria.hu\/wp-content\/uploads\/2025\/11\/vegaburger-150x150.jpg 150w\" sizes=\"(max-width: 749px) 100vw, 749px\" \/>\t\t\t\t\t\t\t\t\t\t\t\t\t\t\t<\/div>\n\t\t\t\t<\/div>\n\t\t\t\t\t<\/div>\n\t\t\t\t<\/div>\n\t\t<div class=\"elementor-element elementor-element-63f04ac e-con-full e-flex e-con e-child\" data-id=\"63f04ac\" data-element_type=\"container\">\n\t\t\t\t<div class=\"elementor-element elementor-element-56f480c elementor-widget elementor-widget-text-editor\" data-id=\"56f480c\" data-element_type=\"widget\" data-widget_type=\"text-editor.default\">\n\t\t\t\t<div class=\"elementor-widget-container\">\n\t\t\t\t\t\t\t\t\t<p data-start=\"931\" data-end=\"969\"><strong data-start=\"931\" data-end=\"969\">Welcome to C\u00e1pa Pub &amp; Pizzeria<\/strong><\/p>\n<p data-start=\"987\" data-end=\"1236\"><span style=\"color: #999999;\">A true family business, C\u00e1pa Pub &amp; Pizzeria has been a part of the Kistarcsa community for over 25 years. We create our dishes and serve our drinks with passion, so our guests always feel welcome.<\/span><\/p><p data-start=\"987\" data-end=\"1236\"><span style=\"color: #999999;\"><br><\/span><\/p>\n<p data-start=\"1788\" data-end=\"1892\"><span style=\"font-size: 1rem; color: #999999;\">We welcome our guests with wood-fired Roman-style pizzas, handcrafted burgers served in our own freshly baked buns, and five draught beers, including popular Cs\u00edki favorites. Sports fans can enjoy multiple sports channels and regular Champions League broadcasts on several TVs \u2014 and on our outdoor screen in the garden terrace when the weather is good.<\/span><\/p><p data-start=\"1788\" data-end=\"1892\"><span style=\"font-size: 1rem; color: #999999;\"><br><\/span><\/p>\n<p data-start=\"1788\" data-end=\"1892\"><span style=\"font-size: 1rem; color: #999999;\">We gladly offer our venue for birthdays, team-building events, and private corporate functions.<\/span><\/p>\n<p data-start=\"1238\" data-end=\"1293\">\n<\/p>\t\t\t\t\t\t\t\t<\/div>\n\t\t\t\t<\/div>\n\t\t\t\t<\/div>\n\t\t\t\t<\/div>\n\t\t<div class=\"elementor-element elementor-element-3b46e40 e-flex e-con-boxed e-con e-parent\" data-id=\"3b46e40\" data-element_type=\"container\">\n\t\t\t\t\t<div class=\"e-con-inner\">\n\t\t<div class=\"elementor-element elementor-element-454bcad e-con-full e-flex e-con e-child\" data-id=\"454bcad\" data-element_type=\"container\">\n\t\t\t\t<div class=\"elementor-element elementor-element-685dcfb elementor-widget elementor-widget-image\" data-id=\"685dcfb\" data-element_type=\"widget\" data-widget_type=\"image.default\">\n\t\t\t\t<div class=\"elementor-widget-container\">\n\t\t\t\t\t\t\t\t\t\t\t\t\t\t\t\t<a href=\"\/en\/etlap\/#Burger\">\n\t\t\t\t\t\t\t<img decoding=\"async\" width=\"1024\" height=\"1024\" src=\"https:\/\/capapizzeria.hu\/wp-content\/uploads\/2025\/11\/Untitled-design-1024x1024.png\" class=\"elementor-animation-grow attachment-large size-large wp-image-1708\" alt=\"\" srcset=\"https:\/\/capapizzeria.hu\/wp-content\/uploads\/2025\/11\/Untitled-design-1024x1024.png 1024w, https:\/\/capapizzeria.hu\/wp-content\/uploads\/2025\/11\/Untitled-design-300x300.png 300w, https:\/\/capapizzeria.hu\/wp-content\/uploads\/2025\/11\/Untitled-design-150x150.png 150w, https:\/\/capapizzeria.hu\/wp-content\/uploads\/2025\/11\/Untitled-design-768x768.png 768w, https:\/\/capapizzeria.hu\/wp-content\/uploads\/2025\/11\/Untitled-design.png 1080w\" sizes=\"(max-width: 1024px) 100vw, 1024px\" \/>\t\t\t\t\t\t\t\t<\/a>\n\t\t\t\t\t\t\t\t\t\t\t\t\t\t\t<\/div>\n\t\t\t\t<\/div>\n\t\t\t\t<div class=\"elementor-element elementor-element-212dcf5 elementor-widget elementor-widget-heading\" data-id=\"212dcf5\" data-element_type=\"widget\" data-widget_type=\"heading.default\">\n\t\t\t\t<div class=\"elementor-widget-container\">\n\t\t\t\t\t<h2 class=\"elementor-heading-title elementor-size-default\"><a href=\"\/en\/etlap\/#Burger\"><h2 data-elementor-setting-key=\"title\" data-pen-placeholder=\"Type Here...\" style=\"font-family: 'Titillium Web', serif;text-align: center;color: #f4a300\">Homemade Smash Burgers<span style=\"font-family: Montserrat, sans-serif;font-size: 2.35294rem;font-style: inherit;letter-spacing: 0.3px\"><\/span><\/h2><\/a><\/h2>\t\t\t\t<\/div>\n\t\t\t\t<\/div>\n\t\t\t\t<\/div>\n\t\t<div class=\"elementor-element elementor-element-23550cb e-con-full e-flex e-con e-child\" data-id=\"23550cb\" data-element_type=\"container\">\n\t\t\t\t<div class=\"elementor-element elementor-element-5505b45 elementor-widget elementor-widget-image\" data-id=\"5505b45\" data-element_type=\"widget\" data-widget_type=\"image.default\">\n\t\t\t\t<div class=\"elementor-widget-container\">\n\t\t\t\t\t\t\t\t\t\t\t\t\t\t\t\t<a href=\"\/en\/etlap\/#Pizza\">\n\t\t\t\t\t\t\t<img decoding=\"async\" width=\"1024\" height=\"768\" src=\"https:\/\/capapizzeria.hu\/wp-content\/uploads\/2025\/11\/resized_3-1024x768.jpg\" class=\"elementor-animation-grow attachment-large size-large wp-image-1754\" alt=\"\" srcset=\"https:\/\/capapizzeria.hu\/wp-content\/uploads\/2025\/11\/resized_3-1024x768.jpg 1024w, https:\/\/capapizzeria.hu\/wp-content\/uploads\/2025\/11\/resized_3-300x225.jpg 300w, https:\/\/capapizzeria.hu\/wp-content\/uploads\/2025\/11\/resized_3-768x576.jpg 768w, https:\/\/capapizzeria.hu\/wp-content\/uploads\/2025\/11\/resized_3.jpg 1200w\" sizes=\"(max-width: 1024px) 100vw, 1024px\" \/>\t\t\t\t\t\t\t\t<\/a>\n\t\t\t\t\t\t\t\t\t\t\t\t\t\t\t<\/div>\n\t\t\t\t<\/div>\n\t\t\t\t<div class=\"elementor-element elementor-element-b2aff01 elementor-widget elementor-widget-heading\" data-id=\"b2aff01\" data-element_type=\"widget\" data-widget_type=\"heading.default\">\n\t\t\t\t<div class=\"elementor-widget-container\">\n\t\t\t\t\t<h2 class=\"elementor-heading-title elementor-size-default\"><a href=\"\/en\/etlap\/#Pizza\"><h2 data-elementor-setting-key=\"title\" data-pen-placeholder=\"Type Here...\" style=\"font-family: 'Titillium Web', serif;text-align: center;color: #f4a300\">\n  Roman-Style Pizzas\n<\/h2>\n<\/a><\/h2>\t\t\t\t<\/div>\n\t\t\t\t<\/div>\n\t\t\t\t<\/div>\n\t\t<div class=\"elementor-element elementor-element-11d346e e-con-full e-flex e-con e-child\" data-id=\"11d346e\" data-element_type=\"container\">\n\t\t\t\t<div class=\"elementor-element elementor-element-c017950 elementor-widget elementor-widget-image\" data-id=\"c017950\" data-element_type=\"widget\" data-widget_type=\"image.default\">\n\t\t\t\t<div class=\"elementor-widget-container\">\n\t\t\t\t\t\t\t\t\t\t\t\t\t\t\t\t<a href=\"\/en\/etlap\/#Streetfood\">\n\t\t\t\t\t\t\t<img loading=\"lazy\" decoding=\"async\" width=\"240\" height=\"320\" src=\"https:\/\/capapizzeria.hu\/wp-content\/uploads\/2025\/11\/IMG_9081-Small.jpeg\" class=\"elementor-animation-grow attachment-large size-large wp-image-1783\" alt=\"\" srcset=\"https:\/\/capapizzeria.hu\/wp-content\/uploads\/2025\/11\/IMG_9081-Small.jpeg 240w, https:\/\/capapizzeria.hu\/wp-content\/uploads\/2025\/11\/IMG_9081-Small-225x300.jpeg 225w\" sizes=\"(max-width: 240px) 100vw, 240px\" \/>\t\t\t\t\t\t\t\t<\/a>\n\t\t\t\t\t\t\t\t\t\t\t\t\t\t\t<\/div>\n\t\t\t\t<\/div>\n\t\t\t\t<div class=\"elementor-element elementor-element-58bee73 elementor-widget elementor-widget-heading\" data-id=\"58bee73\" data-element_type=\"widget\" data-widget_type=\"heading.default\">\n\t\t\t\t<div class=\"elementor-widget-container\">\n\t\t\t\t\t<h2 class=\"elementor-heading-title elementor-size-default\"><a href=\"\/en\/etlap\/#Streetfood\"><h2 data-elementor-setting-key=\"title\" data-pen-placeholder=\"Type Here...\" style=\"font-family: 'Titillium Web', serif;text-align: center;color: #f4a300\">\n  Street Food &amp; Gyros\n<\/h2>\n<\/a><\/h2>\t\t\t\t<\/div>\n\t\t\t\t<\/div>\n\t\t\t\t<\/div>\n\t\t\t\t\t<\/div>\n\t\t\t\t<\/div>\n\t\t<div class=\"elementor-element elementor-element-0593055 e-flex e-con-boxed e-con e-parent\" data-id=\"0593055\" data-element_type=\"container\">\n\t\t\t\t\t<div class=\"e-con-inner\">\n\t\t\t\t<div class=\"elementor-element elementor-element-3fcf45d elementor-widget elementor-widget-html\" data-id=\"3fcf45d\" data-element_type=\"widget\" data-widget_type=\"html.default\">\n\t\t\t\t<div class=\"elementor-widget-container\">\n\t\t\t\t\t<!-- Elfsight Google Reviews | Untitled Google Reviews -->\n<script src=\"https:\/\/elfsightcdn.com\/platform.js\" async><\/script>\n<div class=\"elfsight-app-15abf963-e5ca-4445-aaf2-4c55b46ff526\" data-elfsight-app-lazy><\/div>\t\t\t\t<\/div>\n\t\t\t\t<\/div>\n\t\t\t\t\t<\/div>\n\t\t\t\t<\/div>\n\t\t\t\t<\/div>","protected":false},"excerpt":{"rendered":"<p>Fat\u00fczel\u00e9ses kemenc\u00e9ben s\u00fclt r\u00f3mai pizz\u00e1k \u00a0T\u00f6bb mint 25 \u00e9ve Kistarcsa egyik kedvenc tal\u00e1lkoz\u00f3helye. \u00dcdv\u00f6zl\u00fcnk a C\u00e1pa Pub &amp; Pizz\u00e9ri\u00e1ban A C\u00e1pa Pub &amp; Pizz\u00e9ria egy igazi csal\u00e1di v\u00e1llalkoz\u00e1s, amely m\u00e1r t\u00f6bb mint negyedsz\u00e1zada a kistarcsai k\u00f6z\u00f6ss\u00e9g r\u00e9sze. Szenved\u00e9llyel \u00e9s szeretettel k\u00e9sz\u00edtj\u00fck \u00e9teleinket \u00e9s k\u00edn\u00e1ljuk italainkat, hogy vend\u00e9geink mindig otthonosan \u00e9rezz\u00e9k magukat n\u00e1lunk. Fat\u00fczel\u00e9ses kemenc\u00e9ben s\u00fct\u00f6tt [&hellip;]<\/p>","protected":false},"author":3,"featured_media":0,"parent":0,"menu_order":0,"comment_status":"closed","ping_status":"closed","template":"elementor_header_footer","meta":{"site-sidebar-layout":"no-sidebar","site-content-layout":"","ast-site-content-layout":"full-width-container","site-content-style":"default","site-sidebar-style":"default","ast-global-header-display":"","ast-banner-title-visibility":"","ast-main-header-display":"","ast-hfb-above-header-display":"","ast-hfb-below-header-display":"","ast-hfb-mobile-header-display":"","site-post-title":"disabled","ast-breadcrumbs-content":"","ast-featured-img":"disabled","footer-sml-layout":"","ast-disable-related-posts":"","theme-transparent-header-meta":"","adv-header-id-meta":"","stick-header-meta":"","header-above-stick-meta":"","header-main-stick-meta":"","header-below-stick-meta":"","astra-migrate-meta-layouts":"default","ast-page-background-enabled":"default","ast-page-background-meta":{"desktop":{"background-color":"var(--ast-global-color-4)","background-image":"","background-repeat":"repeat","background-position":"center center","background-size":"auto","background-attachment":"scroll","background-type":"","background-media":"","overlay-type":"","overlay-color":"","overlay-opacity":"","overlay-gradient":""},"tablet":{"background-color":"","background-image":"","background-repeat":"repeat","background-position":"center center","background-size":"auto","background-attachment":"scroll","background-type":"","background-media":"","overlay-type":"","overlay-color":"","overlay-opacity":"","overlay-gradient":""},"mobile":{"background-color":"","background-image":"","background-repeat":"repeat","background-position":"center center","background-size":"auto","background-attachment":"scroll","background-type":"","background-media":"","overlay-type":"","overlay-color":"","overlay-opacity":"","overlay-gradient":""}},"ast-content-background-meta":{"desktop":{"background-color":"var(--ast-global-color-5)","background-image":"","background-repeat":"repeat","background-position":"center center","background-size":"auto","background-attachment":"scroll","background-type":"","background-media":"","overlay-type":"","overlay-color":"","overlay-opacity":"","overlay-gradient":""},"tablet":{"background-color":"var(--ast-global-color-5)","background-image":"","background-repeat":"repeat","background-position":"center center","background-size":"auto","background-attachment":"scroll","background-type":"","background-media":"","overlay-type":"","overlay-color":"","overlay-opacity":"","overlay-gradient":""},"mobile":{"background-color":"var(--ast-global-color-5)","background-image":"","background-repeat":"repeat","background-position":"center center","background-size":"auto","background-attachment":"scroll","background-type":"","background-media":"","overlay-type":"","overlay-color":"","overlay-opacity":"","overlay-gradient":""}},"footnotes":""},"class_list":["post-1458","page","type-page","status-publish","hentry"],"yoast_head":"<!-- This site is optimized with the Yoast SEO plugin v26.4 - https:\/\/yoast.com\/wordpress\/plugins\/seo\/ -->\n<title>F\u0151oldal - C\u00e1pa Pub &amp; Pizz\u00e9ria<\/title>\n<meta name=\"description\" content=\"\u00cdzletes pizz\u00e1k, szaftos burgerek \u00e9s j\u00f3 italok egy otthonos, helyi pubban Kistarcs\u00e1n. Pizzarendel\u00e9s: 06\/28-738 470, 06\/30-456-4341\" \/>\n<meta name=\"robots\" content=\"index, follow, max-snippet:-1, max-image-preview:large, max-video-preview:-1\" \/>\n<link rel=\"canonical\" href=\"https:\/\/capapizzeria.hu\/en\/\" \/>\n<meta property=\"og:locale\" content=\"en_GB\" \/>\n<meta property=\"og:type\" content=\"article\" \/>\n<meta property=\"og:title\" content=\"F\u0151oldal - C\u00e1pa Pub &amp; Pizz\u00e9ria\" \/>\n<meta property=\"og:description\" content=\"\u00cdzletes pizz\u00e1k, szaftos burgerek \u00e9s j\u00f3 italok egy otthonos, helyi pubban Kistarcs\u00e1n. Pizzarendel\u00e9s: 06\/28-738 470, 06\/30-456-4341\" \/>\n<meta property=\"og:url\" content=\"https:\/\/capapizzeria.hu\/en\/\" \/>\n<meta property=\"og:site_name\" content=\"C\u00e1pa Pub &amp; Pizz\u00e9ria\" \/>\n<meta property=\"article:modified_time\" content=\"2026-02-15T15:49:47+00:00\" \/>\n<meta property=\"og:image\" content=\"https:\/\/capapizzeria.hu\/wp-content\/uploads\/2025\/11\/vegaburger.jpg\" \/>\n<meta name=\"twitter:card\" content=\"summary_large_image\" \/>\n<meta name=\"twitter:label1\" content=\"Estimated reading time\" \/>\n\t<meta name=\"twitter:data1\" content=\"2 minutes\" \/>\n<script type=\"application\/ld+json\" class=\"yoast-schema-graph\">{\"@context\":\"https:\/\/schema.org\",\"@graph\":[{\"@type\":\"WebPage\",\"@id\":\"https:\/\/capapizzeria.hu\/\",\"url\":\"https:\/\/capapizzeria.hu\/\",\"name\":\"F\u0151oldal - C\u00e1pa Pub &amp; Pizz\u00e9ria\",\"isPartOf\":{\"@id\":\"https:\/\/capapizzeria.hu\/#website\"},\"primaryImageOfPage\":{\"@id\":\"https:\/\/capapizzeria.hu\/#primaryimage\"},\"image\":{\"@id\":\"https:\/\/capapizzeria.hu\/#primaryimage\"},\"thumbnailUrl\":\"https:\/\/capapizzeria.hu\/wp-content\/uploads\/2025\/11\/vegaburger.jpg\",\"datePublished\":\"2025-09-15T14:38:11+00:00\",\"dateModified\":\"2026-02-15T15:49:47+00:00\",\"description\":\"\u00cdzletes pizz\u00e1k, szaftos burgerek \u00e9s j\u00f3 italok egy otthonos, helyi pubban Kistarcs\u00e1n. Pizzarendel\u00e9s: 06\/28-738 470, 06\/30-456-4341\",\"breadcrumb\":{\"@id\":\"https:\/\/capapizzeria.hu\/#breadcrumb\"},\"inLanguage\":\"en-GB\",\"potentialAction\":[{\"@type\":\"ReadAction\",\"target\":[\"https:\/\/capapizzeria.hu\/\"]}]},{\"@type\":\"ImageObject\",\"inLanguage\":\"en-GB\",\"@id\":\"https:\/\/capapizzeria.hu\/#primaryimage\",\"url\":\"https:\/\/capapizzeria.hu\/wp-content\/uploads\/2025\/11\/vegaburger.jpg\",\"contentUrl\":\"https:\/\/capapizzeria.hu\/wp-content\/uploads\/2025\/11\/vegaburger.jpg\"},{\"@type\":\"BreadcrumbList\",\"@id\":\"https:\/\/capapizzeria.hu\/#breadcrumb\",\"itemListElement\":[{\"@type\":\"ListItem\",\"position\":1,\"name\":\"Kezd\u0151lap\",\"item\":\"https:\/\/capapizzeria.hu\/\"},{\"@type\":\"ListItem\",\"position\":2,\"name\":\"F\u0151oldal\"}]},{\"@type\":\"WebSite\",\"@id\":\"https:\/\/capapizzeria.hu\/#website\",\"url\":\"https:\/\/capapizzeria.hu\/\",\"name\":\"C\u00e1pa pizz\u00e9ria\",\"description\":\"2143 Kistarcsa, Hunyadi u. 2\",\"publisher\":{\"@id\":\"https:\/\/capapizzeria.hu\/#organization\"},\"potentialAction\":[{\"@type\":\"SearchAction\",\"target\":{\"@type\":\"EntryPoint\",\"urlTemplate\":\"https:\/\/capapizzeria.hu\/?s={search_term_string}\"},\"query-input\":{\"@type\":\"PropertyValueSpecification\",\"valueRequired\":true,\"valueName\":\"search_term_string\"}}],\"inLanguage\":\"en-GB\"},{\"@type\":\"Organization\",\"@id\":\"https:\/\/capapizzeria.hu\/#organization\",\"name\":\"C\u00e1pa pizz\u00e9ria\",\"url\":\"https:\/\/capapizzeria.hu\/\",\"logo\":{\"@type\":\"ImageObject\",\"inLanguage\":\"en-GB\",\"@id\":\"https:\/\/capapizzeria.hu\/#\/schema\/logo\/image\/\",\"url\":\"https:\/\/capapizzeria.hu\/wp-content\/uploads\/2025\/09\/thumbnail_Kistarcsa-5.png\",\"contentUrl\":\"https:\/\/capapizzeria.hu\/wp-content\/uploads\/2025\/09\/thumbnail_Kistarcsa-5.png\",\"width\":1920,\"height\":1920,\"caption\":\"C\u00e1pa pizz\u00e9ria\"},\"image\":{\"@id\":\"https:\/\/capapizzeria.hu\/#\/schema\/logo\/image\/\"}}]}<\/script>\n<!-- \/ Yoast SEO plugin. -->","yoast_head_json":{"title":"F\u0151oldal - C\u00e1pa Pub &amp; Pizz\u00e9ria","description":"\u00cdzletes pizz\u00e1k, szaftos burgerek \u00e9s j\u00f3 italok egy otthonos, helyi pubban Kistarcs\u00e1n. Pizzarendel\u00e9s: 06\/28-738 470, 06\/30-456-4341","robots":{"index":"index","follow":"follow","max-snippet":"max-snippet:-1","max-image-preview":"max-image-preview:large","max-video-preview":"max-video-preview:-1"},"canonical":"https:\/\/capapizzeria.hu\/en\/","og_locale":"en_GB","og_type":"article","og_title":"F\u0151oldal - C\u00e1pa Pub &amp; Pizz\u00e9ria","og_description":"\u00cdzletes pizz\u00e1k, szaftos burgerek \u00e9s j\u00f3 italok egy otthonos, helyi pubban Kistarcs\u00e1n. Pizzarendel\u00e9s: 06\/28-738 470, 06\/30-456-4341","og_url":"https:\/\/capapizzeria.hu\/en\/","og_site_name":"C\u00e1pa Pub &amp; Pizz\u00e9ria","article_modified_time":"2026-02-15T15:49:47+00:00","og_image":[{"url":"https:\/\/capapizzeria.hu\/wp-content\/uploads\/2025\/11\/vegaburger.jpg","type":"","width":"","height":""}],"twitter_card":"summary_large_image","twitter_misc":{"Estimated reading time":"2 minutes"},"schema":{"@context":"https:\/\/schema.org","@graph":[{"@type":"WebPage","@id":"https:\/\/capapizzeria.hu\/","url":"https:\/\/capapizzeria.hu\/","name":"F\u0151oldal - C\u00e1pa Pub &amp; Pizz\u00e9ria","isPartOf":{"@id":"https:\/\/capapizzeria.hu\/#website"},"primaryImageOfPage":{"@id":"https:\/\/capapizzeria.hu\/#primaryimage"},"image":{"@id":"https:\/\/capapizzeria.hu\/#primaryimage"},"thumbnailUrl":"https:\/\/capapizzeria.hu\/wp-content\/uploads\/2025\/11\/vegaburger.jpg","datePublished":"2025-09-15T14:38:11+00:00","dateModified":"2026-02-15T15:49:47+00:00","description":"\u00cdzletes pizz\u00e1k, szaftos burgerek \u00e9s j\u00f3 italok egy otthonos, helyi pubban Kistarcs\u00e1n. Pizzarendel\u00e9s: 06\/28-738 470, 06\/30-456-4341","breadcrumb":{"@id":"https:\/\/capapizzeria.hu\/#breadcrumb"},"inLanguage":"en-GB","potentialAction":[{"@type":"ReadAction","target":["https:\/\/capapizzeria.hu\/"]}]},{"@type":"ImageObject","inLanguage":"en-GB","@id":"https:\/\/capapizzeria.hu\/#primaryimage","url":"https:\/\/capapizzeria.hu\/wp-content\/uploads\/2025\/11\/vegaburger.jpg","contentUrl":"https:\/\/capapizzeria.hu\/wp-content\/uploads\/2025\/11\/vegaburger.jpg"},{"@type":"BreadcrumbList","@id":"https:\/\/capapizzeria.hu\/#breadcrumb","itemListElement":[{"@type":"ListItem","position":1,"name":"Kezd\u0151lap","item":"https:\/\/capapizzeria.hu\/"},{"@type":"ListItem","position":2,"name":"F\u0151oldal"}]},{"@type":"WebSite","@id":"https:\/\/capapizzeria.hu\/#website","url":"https:\/\/capapizzeria.hu\/","name":"C\u00e1pa pizz\u00e9ria","description":"2143 Kistarcsa, Hunyadi u. 2","publisher":{"@id":"https:\/\/capapizzeria.hu\/#organization"},"potentialAction":[{"@type":"SearchAction","target":{"@type":"EntryPoint","urlTemplate":"https:\/\/capapizzeria.hu\/?s={search_term_string}"},"query-input":{"@type":"PropertyValueSpecification","valueRequired":true,"valueName":"search_term_string"}}],"inLanguage":"en-GB"},{"@type":"Organization","@id":"https:\/\/capapizzeria.hu\/#organization","name":"C\u00e1pa pizz\u00e9ria","url":"https:\/\/capapizzeria.hu\/","logo":{"@type":"ImageObject","inLanguage":"en-GB","@id":"https:\/\/capapizzeria.hu\/#\/schema\/logo\/image\/","url":"https:\/\/capapizzeria.hu\/wp-content\/uploads\/2025\/09\/thumbnail_Kistarcsa-5.png","contentUrl":"https:\/\/capapizzeria.hu\/wp-content\/uploads\/2025\/09\/thumbnail_Kistarcsa-5.png","width":1920,"height":1920,"caption":"C\u00e1pa pizz\u00e9ria"},"image":{"@id":"https:\/\/capapizzeria.hu\/#\/schema\/logo\/image\/"}}]}},"_links":{"self":[{"href":"https:\/\/capapizzeria.hu\/en\/wp-json\/wp\/v2\/pages\/1458","targetHints":{"allow":["GET"]}}],"collection":[{"href":"https:\/\/capapizzeria.hu\/en\/wp-json\/wp\/v2\/pages"}],"about":[{"href":"https:\/\/capapizzeria.hu\/en\/wp-json\/wp\/v2\/types\/page"}],"author":[{"embeddable":true,"href":"https:\/\/capapizzeria.hu\/en\/wp-json\/wp\/v2\/users\/3"}],"replies":[{"embeddable":true,"href":"https:\/\/capapizzeria.hu\/en\/wp-json\/wp\/v2\/comments?post=1458"}],"version-history":[{"count":158,"href":"https:\/\/capapizzeria.hu\/en\/wp-json\/wp\/v2\/pages\/1458\/revisions"}],"predecessor-version":[{"id":2335,"href":"https:\/\/capapizzeria.hu\/en\/wp-json\/wp\/v2\/pages\/1458\/revisions\/2335"}],"wp:attachment":[{"href":"https:\/\/capapizzeria.hu\/en\/wp-json\/wp\/v2\/media?parent=1458"}],"curies":[{"name":"wp","href":"https:\/\/api.w.org\/{rel}","templated":true}]}}